{"id":3805,"date":"2021-09-02T19:56:43","date_gmt":"2021-09-02T19:56:43","guid":{"rendered":"https:\/\/bressol.jorgeserrano.ninja\/ediciones\/"},"modified":"2025-03-03T12:19:02","modified_gmt":"2025-03-03T12:19:02","slug":"ediciones","status":"publish","type":"page","link":"https:\/\/bressoldelataronja.carcaixent.es\/es\/ediciones\/","title":{"rendered":"Ediciones"},"content":{"rendered":"\t\t<div data-elementor-type=\"wp-page\" data-elementor-id=\"3805\" class=\"elementor elementor-3805 elementor-148\" data-elementor-post-type=\"page\">\n\t\t\t\t\t\t<section class=\"elementor-section elementor-top-section elementor-element elementor-element-6dd21547 elementor-section-full_width elementor-section-height-default elementor-section-height-default\" data-id=\"6dd21547\" data-element_type=\"section\">\n\t\t\t\t\t\t<div class=\"elementor-container elementor-column-gap-default\">\n\t\t\t\t\t<div class=\"elementor-column elementor-col-100 elementor-top-column elementor-element elementor-element-28b466b1\" data-id=\"28b466b1\" data-element_type=\"column\">\n\t\t\t<div class=\"elementor-widget-wrap elementor-element-populated\">\n\t\t\t\t\t\t<div class=\"elementor-element elementor-element-d973ff5 elementor-widget elementor-widget-text-editor\" data-id=\"d973ff5\" data-element_type=\"widget\" data-widget_type=\"text-editor.default\">\n\t\t\t\t<div class=\"elementor-widget-container\">\n\t\t\t\t\t\t\t<p>Una <em><span style=\"text-decoration: underline;\">celebraci\u00f3n anual<\/span><\/em> de sabor y patrimonio donde productores locales, aficionados y visitantes de todos los rincones se unen para compartir la pasi\u00f3n por la naranja. Una exaltaci\u00f3n de la diversidad, la calidad y la riqueza de los c\u00edtricos de Carcaixent. <\/p>\n\t\t\t\t\t\t<\/div>\n\t\t\t\t<\/div>\n\t\t\t\t<div class=\"elementor-element elementor-element-6a7d5a0e elementor-widget elementor-widget-tank-portfolio-list\" data-id=\"6a7d5a0e\" data-element_type=\"widget\" data-widget_type=\"tank-portfolio-list.default\">\n\t\t\t\t<div class=\"elementor-widget-container\">\n\t\t\t\t\t\t\t<div class=\"portfolio-list  pl-compact hide-br pl-alter-off pli-cropped pli-hover  pli-info-df pli-title-stroke-off\">\n\t\t\t\t<div class=\"portfolio-list-item muestra  \">\n\t\t<div class=\"pli-inner\">\n\t\t\t<div class=\"pli-image-col\">\n\t\t\t<a href=\"https:\/\/bressoldelataronja.carcaixent.es\/es\/portfolio\/2022\/\" class=\"pli-image-link\" data-cursor=\"Ver\">\n\t\t\t<div class=\"pli-image-holder\">\n\t\t\t\t\t\t<figure class=\"pli-image \">\n\t\t\t<img decoding=\"async\" class=\"anim-image-parallax tt-lazy\" src=\"https:\/\/bressoldelataronja.carcaixent.es\/wp-content\/themes\/tank\/includes\/img\/low-qlt-thumb.jpg\" data-src=\"https:\/\/bressoldelataronja.carcaixent.es\/wp-content\/uploads\/2021\/09\/2022.png\" alt=\"2022\">\n\t\t\t<\/figure>\n\t\t\t \n\t\t\t<\/div>\n\t\t\t<div class=\"pli-info-col pli-info-inner\">\n\t\t\t<div class=\"pli-info\">\n\t\t\t\t\t\t<h2 class=\"pli-title\">2022<\/h2>\n\t\t\t\t\t\t<div class=\"pli-categories-wrap\">\n\t\t\t<div class=\"pgi-category\"><a href=\"https:\/\/bressoldelataronja.carcaixent.es\/es\/portfolio_category\/muestra\/\">Muestra  <\/a><\/div>\t\t\t<\/div>\n\t\t\t<\/div>\n\t\t\t<\/div>\n\t\t\t<\/a>\n\t\t\t<\/div>\n\t\t\t<div class=\"pli-info-col pli-info-outer\">\n\t\t\t<div class=\"pli-info\">\n\t\t\t\t\t\t<div class=\"pli-counter\"><\/div>\n\t\t\t\t\t\t\t\t\t<h2 class=\"pli-title\"><a href=\"https:\/\/bressoldelataronja.carcaixent.es\/es\/portfolio\/2022\/\">2022<\/a><\/h2>\n\t\t\t\t\t\t<div class=\"pli-categories-wrap\">\n\t\t\t<div class=\"pgi-category\"><a href=\"https:\/\/bressoldelataronja.carcaixent.es\/es\/portfolio_category\/muestra\/\">Muestra  <\/a><\/div>\t\t\t<\/div>\n\t\t\t<\/div>\n\t\t\t<\/div>\n\t\t<\/div>\n\t\t<\/div>\n\t\t\t\t<div class=\"portfolio-list-item muestra  \">\n\t\t<div class=\"pli-inner\">\n\t\t\t<div class=\"pli-image-col\">\n\t\t\t<a href=\"https:\/\/bressoldelataronja.carcaixent.es\/es\/portfolio\/2023\/\" class=\"pli-image-link\" data-cursor=\"Ver\">\n\t\t\t<div class=\"pli-image-holder\">\n\t\t\t\t\t\t<figure class=\"pli-image \">\n\t\t\t<img decoding=\"async\" class=\"anim-image-parallax tt-lazy\" src=\"https:\/\/bressoldelataronja.carcaixent.es\/wp-content\/themes\/tank\/includes\/img\/low-qlt-thumb.jpg\" data-src=\"https:\/\/bressoldelataronja.carcaixent.es\/wp-content\/uploads\/2021\/09\/2023.png\" alt=\"2023\">\n\t\t\t<\/figure>\n\t\t\t \n\t\t\t<\/div>\n\t\t\t<div class=\"pli-info-col pli-info-inner\">\n\t\t\t<div class=\"pli-info\">\n\t\t\t\t\t\t<h2 class=\"pli-title\">2023<\/h2>\n\t\t\t\t\t\t<div class=\"pli-categories-wrap\">\n\t\t\t<div class=\"pgi-category\"><a href=\"https:\/\/bressoldelataronja.carcaixent.es\/es\/portfolio_category\/muestra\/\">Muestra  <\/a><\/div>\t\t\t<\/div>\n\t\t\t<\/div>\n\t\t\t<\/div>\n\t\t\t<\/a>\n\t\t\t<\/div>\n\t\t\t<div class=\"pli-info-col pli-info-outer\">\n\t\t\t<div class=\"pli-info\">\n\t\t\t\t\t\t<div class=\"pli-counter\"><\/div>\n\t\t\t\t\t\t\t\t\t<h2 class=\"pli-title\"><a href=\"https:\/\/bressoldelataronja.carcaixent.es\/es\/portfolio\/2023\/\">2023<\/a><\/h2>\n\t\t\t\t\t\t<div class=\"pli-categories-wrap\">\n\t\t\t<div class=\"pgi-category\"><a href=\"https:\/\/bressoldelataronja.carcaixent.es\/es\/portfolio_category\/muestra\/\">Muestra  <\/a><\/div>\t\t\t<\/div>\n\t\t\t<\/div>\n\t\t\t<\/div>\n\t\t<\/div>\n\t\t<\/div>\n\t\t\t\t<div class=\"portfolio-list-item muestra  \">\n\t\t<div class=\"pli-inner\">\n\t\t\t<div class=\"pli-image-col\">\n\t\t\t<a href=\"https:\/\/bressoldelataronja.carcaixent.es\/es\/portfolio\/2025\/\" class=\"pli-image-link\" data-cursor=\"Ver\">\n\t\t\t<div class=\"pli-image-holder\">\n\t\t\t\t\t\t<figure class=\"pli-image \">\n\t\t\t<img decoding=\"async\" class=\"anim-image-parallax tt-lazy\" src=\"https:\/\/bressoldelataronja.carcaixent.es\/wp-content\/themes\/tank\/includes\/img\/low-qlt-thumb.jpg\" data-src=\"https:\/\/bressoldelataronja.carcaixent.es\/wp-content\/uploads\/2024\/10\/bressol_de_la_taronja_carcaixent_valencia-2024-370x208.jpg\" alt=\"2025\">\n\t\t\t<\/figure>\n\t\t\t \n\t\t\t<\/div>\n\t\t\t<div class=\"pli-info-col pli-info-inner\">\n\t\t\t<div class=\"pli-info\">\n\t\t\t\t\t\t<h2 class=\"pli-title\">2025<\/h2>\n\t\t\t\t\t\t<div class=\"pli-categories-wrap\">\n\t\t\t<div class=\"pgi-category\"><a href=\"https:\/\/bressoldelataronja.carcaixent.es\/es\/portfolio_category\/muestra\/\">Muestra  <\/a><\/div>\t\t\t<\/div>\n\t\t\t<\/div>\n\t\t\t<\/div>\n\t\t\t<\/a>\n\t\t\t<\/div>\n\t\t\t<div class=\"pli-info-col pli-info-outer\">\n\t\t\t<div class=\"pli-info\">\n\t\t\t\t\t\t<div class=\"pli-counter\"><\/div>\n\t\t\t\t\t\t\t\t\t<h2 class=\"pli-title\"><a href=\"https:\/\/bressoldelataronja.carcaixent.es\/es\/portfolio\/2025\/\">2025<\/a><\/h2>\n\t\t\t\t\t\t<div class=\"pli-categories-wrap\">\n\t\t\t<div class=\"pgi-category\"><a href=\"https:\/\/bressoldelataronja.carcaixent.es\/es\/portfolio_category\/muestra\/\">Muestra  <\/a><\/div>\t\t\t<\/div>\n\t\t\t<\/div>\n\t\t\t<\/div>\n\t\t<\/div>\n\t\t<\/div>\n\t\t\t\t<\/div>\n\t\t\n        \t\t<\/div>\n\t\t\t\t<\/div>\n\t\t\t\t\t<\/div>\n\t\t<\/div>\n\t\t\t\t\t<\/div>\n\t\t<\/section>\n\t\t\t\t<\/div>\n\t\t","protected":false},"excerpt":{"rendered":"<p>Una celebraci\u00f3n anual de sabor y patrimonio donde productores locales, aficionados y visitantes de todos los rincones se unen para compartir la pasi\u00f3n por la naranja. Una exaltaci\u00f3n de la diversidad, la calidad y la riqueza de los c\u00edtricos de Carcaixent. &nbsp; 2022 Muestra&#8230;<\/p>\n","protected":false},"author":1,"featured_media":2866,"parent":0,"menu_order":0,"comment_status":"closed","ping_status":"closed","template":"","meta":{"footnotes":""},"class_list":["post-3805","page","type-page","status-publish","has-post-thumbnail","hentry"],"_links":{"self":[{"href":"https:\/\/bressoldelataronja.carcaixent.es\/es\/wp-json\/wp\/v2\/pages\/3805","targetHints":{"allow":["GET"]}}],"collection":[{"href":"https:\/\/bressoldelataronja.carcaixent.es\/es\/wp-json\/wp\/v2\/pages"}],"about":[{"href":"https:\/\/bressoldelataronja.carcaixent.es\/es\/wp-json\/wp\/v2\/types\/page"}],"author":[{"embeddable":true,"href":"https:\/\/bressoldelataronja.carcaixent.es\/es\/wp-json\/wp\/v2\/users\/1"}],"replies":[{"embeddable":true,"href":"https:\/\/bressoldelataronja.carcaixent.es\/es\/wp-json\/wp\/v2\/comments?post=3805"}],"version-history":[{"count":18,"href":"https:\/\/bressoldelataronja.carcaixent.es\/es\/wp-json\/wp\/v2\/pages\/3805\/revisions"}],"predecessor-version":[{"id":5650,"href":"https:\/\/bressoldelataronja.carcaixent.es\/es\/wp-json\/wp\/v2\/pages\/3805\/revisions\/5650"}],"wp:featuredmedia":[{"embeddable":true,"href":"https:\/\/bressoldelataronja.carcaixent.es\/es\/wp-json\/wp\/v2\/media\/2866"}],"wp:attachment":[{"href":"https:\/\/bressoldelataronja.carcaixent.es\/es\/wp-json\/wp\/v2\/media?parent=3805"}],"curies":[{"name":"wp","href":"https:\/\/api.w.org\/{rel}","templated":true}]}}