{"id":3807,"date":"2023-11-13T11:00:49","date_gmt":"2023-11-13T11:00:49","guid":{"rendered":"https:\/\/bressol.jorgeserrano.ninja\/politica-de-cookies\/"},"modified":"2023-11-20T09:49:12","modified_gmt":"2023-11-20T09:49:12","slug":"politica-de-cookies","status":"publish","type":"page","link":"https:\/\/bressoldelataronja.carcaixent.es\/es\/politica-de-cookies\/","title":{"rendered":"POL\u00cdTICA DE COOKIES"},"content":{"rendered":"\t\t<div data-elementor-type=\"wp-page\" data-elementor-id=\"3807\" class=\"elementor elementor-3807 elementor-2725\" data-elementor-post-type=\"page\">\n\t\t\t\t<div class=\"elementor-element elementor-element-64e3cd1 e-flex e-con-boxed e-con e-parent\" data-id=\"64e3cd1\" data-element_type=\"container\">\n\t\t\t\t\t<div class=\"e-con-inner\">\n\t\t\t\t<div class=\"elementor-element elementor-element-9d35e16 elementor-widget elementor-widget-tank-text-block\" data-id=\"9d35e16\" data-element_type=\"widget\" data-widget_type=\"tank-text-block.default\">\n\t\t\t\t<div class=\"elementor-widget-container\">\n\t\t\t\t\t<div class=\"ft_st_df text-df text-left font-alter-off tank-text-block\">\n\t\t<div class=\"clear anim-fadeinup \">\n\t\t<p class=\"p1\"><b>\u00bfQu\u00e9 son las cookies? <\/b><\/p><p class=\"p1\">Una cookie es un peque\u00f1o archivo de texto que se almacena en su navegador cuando visita casi cualquier p\u00e1gina web. Su utilidad es que la web sea capaz de recordar su visita cuando vuelva a navegar por esa p\u00e1gina. \u00c9stas suelen almacenar informaci\u00f3n de car\u00e1cter t\u00e9cnico, preferencias personales, personalizaci\u00f3n de contenidos, estad\u00edsticas de uso, enlaces a redes sociales, acceso a cuentas de usuario, etc. El objetivo de la cookie es adaptar el contenido de la web a su perfil y necesidades, sin ellas los servicios ofrecidos por cualquier p\u00e1gina se ver\u00edan mermados notablemente.<\/p><p class=\"p1\"><b>\u00bfQu\u00e9 tipos de cookies existen?<\/b><\/p><p class=\"p1\"><b> <\/b>Cookies t\u00e9cnicas: son las m\u00e1s elementales y permiten, entre otras cosas, saber cu\u00e1ndo est\u00e1 navegando un humano o una aplicaci\u00f3n automatizada, cu\u00e1ndo navega un usuario an\u00f3nimo y un registrado, tareas b\u00e1sicas para el funcionamiento de cualquier web din\u00e1mica.<\/p><p class=\"p1\">Cookies de an\u00e1lisis: recogen informaci\u00f3n sobre el tipo de navegaci\u00f3n que est\u00e9 realizando, las secciones que m\u00e1s utilizas, productos que consultas, franja horaria de uso, idioma, etc.<\/p><p class=\"p1\">Cookies publicitarias: muestran publicidad en funci\u00f3n de su navegaci\u00f3n, tu pa\u00eds de procedencia, idioma, etc.<\/p><p class=\"p1\"><b>\u00bfQu\u00e9 son las cookies propias y las de terceros? <\/b><\/p><p class=\"p1\">Las cookies propias son las generadas por la p\u00e1gina que est\u00e1 visitando y las de terceros son las generadas por servicios o proveedores externos como Mailchimp, Facebook, Twitter, Google Analytics, etc.<\/p><p class=\"p1\"><b>Cookies propias que utilizamos <\/b><\/p><p class=\"p1\"><span class=\"s1\"><b><i>NOMBRE <\/i><\/b>cdp-cookies-plugin-wp - <b><i>DURACI\u00d3N <\/i><\/b>1 a\u00f1o - <b><i>FINALIDAD <\/i><\/b>Guarda la opci\u00f3n de guardar o no cookies en el navegador <\/span><\/p><p class=\"p1\"><b>Cookies de terceros que utilizamos <\/b><\/p><p class=\"p1\"><span class=\"s1\"><b><i>NOMBRE <\/i><\/b>_ga - <b><i>DURACI\u00d3N <\/i><\/b>2 a\u00f1os - <b><i>FINALIDAD <\/i><\/b>Cookies de terceros de Google Analytics para analizar las visitas, clics\u2026<\/span><\/p><p class=\"p1\"><span class=\"s1\"> <b><i>NOMBRE <\/i><\/b>_gat - <b><i>DURACI\u00d3N <\/i><\/b>1 minuto - <b><i>FINALIDAD <\/i><\/b>Limitar el porcentaje de solicitudes<\/span><\/p><p class=\"p1\"><span class=\"s1\"> <b><i>NOMBRE <\/i><\/b>_gid - <b><i>DURACI\u00d3N <\/i><\/b>24 horas - <b><i>FINALIDAD <\/i><\/b>Distinguir a los usuarios <\/span><\/p><p class=\"p1\"><b>\u00bfC\u00f3mo gestionar y desactivar estas cookies? <\/b><\/p><p class=\"p1\">Si no deseas que los sitios webs almacenen ninguna cookie y obtengan informaci\u00f3n, puedes configurar el navegador de forma que se le notifique antes de que se descargue ninguna.<\/p><p class=\"p1\">Tambi\u00e9n se puede adaptar la configuraci\u00f3n de forma que el navegador rechace todas las cookies. \u00c9stos son los procedimientos para permitir las cookies o no en los principales navegadores:<\/p><p class=\"p1\"><b>Chrome:\u00a0<\/b><\/p><ul><li class=\"p1\">Haz clic en el icono de clave en la esquina superior derecha de tu navegador.<\/li><li class=\"p1\">Selecciona Opciones (para Mac, selecciona Preferencias).\u00a0<\/li><li class=\"p1\">Haz clic en la pesta\u00f1a Avanzadas (Under the Hood).\u00a0<\/li><li class=\"p1\">Pulsa en Configuraci\u00f3n de Contenido.\u00a0<\/li><li class=\"p1\">Haz clic en Cookies.<\/li><li class=\"p1\">Haz clic en Permitir datos locales para establecer (recomendado).<\/li><\/ul><p><b>Internet Explorer 7+: <\/b><\/p><ul><li>Ve en la parte superior de la ventana del navegador y selecciona Herramientas.<\/li><li>Haz clic en Opciones de Internet.\u00a0<\/li><li>Haz clic en la pesta\u00f1a Privacidad y, despu\u00e9s, selecciona Opciones Avanzadas.<\/li><li>Marca Cancelar el manejo autom\u00e1tico de cookies (si ya est\u00e1 marcado, contin\u00faa con el siguiente paso).<\/li><li>Primero ajusta las cookies de terceros para que sean aceptadas.<\/li><li>Marca Permitir siempre cookies y haz clic en Aceptar.<\/li><\/ul><p><b>Mozilla Firefox:<\/b><\/p><ul><li>Haz clic en Herramientas y despu\u00e9s Opciones.<\/li><li>En la parte superior de la ventana, selecciona Privacidad.<\/li><li>Marca las opciones Aceptar cookies de sitios y aceptar cookies de terceros y haz clic en Aceptar.<\/li><\/ul><p><b>Safari:<\/b><\/p><ul><li>En el men\u00fa de Safari, haz clic en Preferencias.<\/li><li>Haz clic en Seguridad.<\/li><li>En la secci\u00f3n de Aceptar cookies, selecciona ya sea Siempre o S\u00f3lo de los sitios por los que navegas.<\/li><\/ul>\t\t<\/div>\n\t\t<\/div>\n        \t\t<\/div>\n\t\t\t\t<\/div>\n\t\t\t\t\t<\/div>\n\t\t\t\t<\/div>\n\t\t\t\t<\/div>\n\t\t","protected":false},"excerpt":{"rendered":"<p>\u00bfQu\u00e9 son las cookies? Una cookie es un peque\u00f1o archivo de texto que se almacena en su navegador cuando visita casi cualquier p\u00e1gina web. Su utilidad es que la web sea capaz de recordar su visita cuando vuelva a navegar por esa p\u00e1gina. \u00c9stas&#8230;<\/p>\n","protected":false},"author":1,"featured_media":0,"parent":0,"menu_order":0,"comment_status":"closed","ping_status":"closed","template":"","meta":{"footnotes":""},"class_list":["post-3807","page","type-page","status-publish","hentry"],"_links":{"self":[{"href":"https:\/\/bressoldelataronja.carcaixent.es\/es\/wp-json\/wp\/v2\/pages\/3807","targetHints":{"allow":["GET"]}}],"collection":[{"href":"https:\/\/bressoldelataronja.carcaixent.es\/es\/wp-json\/wp\/v2\/pages"}],"about":[{"href":"https:\/\/bressoldelataronja.carcaixent.es\/es\/wp-json\/wp\/v2\/types\/page"}],"author":[{"embeddable":true,"href":"https:\/\/bressoldelataronja.carcaixent.es\/es\/wp-json\/wp\/v2\/users\/1"}],"replies":[{"embeddable":true,"href":"https:\/\/bressoldelataronja.carcaixent.es\/es\/wp-json\/wp\/v2\/comments?post=3807"}],"version-history":[{"count":4,"href":"https:\/\/bressoldelataronja.carcaixent.es\/es\/wp-json\/wp\/v2\/pages\/3807\/revisions"}],"predecessor-version":[{"id":3830,"href":"https:\/\/bressoldelataronja.carcaixent.es\/es\/wp-json\/wp\/v2\/pages\/3807\/revisions\/3830"}],"wp:attachment":[{"href":"https:\/\/bressoldelataronja.carcaixent.es\/es\/wp-json\/wp\/v2\/media?parent=3807"}],"curies":[{"name":"wp","href":"https:\/\/api.w.org\/{rel}","templated":true}]}}