{"id":3811,"date":"2021-08-31T20:25:11","date_gmt":"2021-08-31T20:25:11","guid":{"rendered":"https:\/\/bressol.jorgeserrano.ninja\/que-somos\/"},"modified":"2025-09-29T07:55:46","modified_gmt":"2025-09-29T07:55:46","slug":"que-somos","status":"publish","type":"page","link":"https:\/\/bressoldelataronja.carcaixent.es\/es\/que-somos\/","title":{"rendered":"\u00bfQu\u00e9 Somos?"},"content":{"rendered":"\t\t<div data-elementor-type=\"wp-page\" data-elementor-id=\"3811\" class=\"elementor elementor-3811 elementor-93\" data-elementor-post-type=\"page\">\n\t\t\t\t\t\t<section class=\"elementor-section elementor-top-section elementor-element elementor-element-53a2e54 elementor-section-boxed elementor-section-height-default elementor-section-height-default\" data-id=\"53a2e54\" data-element_type=\"section\">\n\t\t\t\t\t\t<div class=\"elementor-container elementor-column-gap-default\">\n\t\t\t\t\t<div class=\"elementor-column elementor-col-100 elementor-top-column elementor-element elementor-element-0af34c9\" data-id=\"0af34c9\" data-element_type=\"column\">\n\t\t\t<div class=\"elementor-widget-wrap elementor-element-populated\">\n\t\t\t\t\t\t<div class=\"elementor-element elementor-element-165a2e4 elementor-view-default elementor-widget elementor-widget-icon\" data-id=\"165a2e4\" data-element_type=\"widget\" data-widget_type=\"icon.default\">\n\t\t\t\t<div class=\"elementor-widget-container\">\n\t\t\t\t\t<div class=\"elementor-icon-wrapper\">\n\t\t\t<div class=\"elementor-icon\">\n\t\t\t<svg xmlns=\"http:\/\/www.w3.org\/2000\/svg\" id=\"Capa_2\" data-name=\"Capa 2\" viewBox=\"0 0 112.11 87.16\"><defs><style>      .cls-1 {        fill: #ffab5a;        stroke-width: 0px;      }    <\/style><\/defs><g id=\"Capa_1-2\" data-name=\"Capa 1\"><path class=\"cls-1\" d=\"m23.72,87.16c-6.37,0-11.91-2.31-16.63-6.93-4.73-4.62-7.08-11.24-7.08-19.87,0-13.14,3.85-25.15,11.55-36.04C19.25,13.45,32.23,5.34,50.51,0v12.94c-6.57,2.06-12.06,4.47-16.48,7.24-4.42,2.77-7.65,5.85-9.7,9.24-2.05,3.39-3.08,7.14-3.08,11.24,0,3.08,1.13,5.44,3.39,7.08,2.26,1.65,4.88,3.19,7.85,4.62,2.97,1.44,5.59,3.39,7.85,5.85,2.26,2.46,3.39,6.06,3.39,10.78,0,5.75-1.9,10.22-5.7,13.4-3.8,3.19-8.58,4.77-14.32,4.77Zm61.6,0c-6.37,0-11.91-2.31-16.63-6.93-4.73-4.62-7.08-11.24-7.08-19.87,0-13.14,3.85-25.15,11.55-36.04,7.7-10.88,20.68-18.99,38.96-24.33v12.94c-6.57,2.06-12.07,4.47-16.48,7.24-4.42,2.77-7.65,5.85-9.7,9.24-2.05,3.39-3.08,7.14-3.08,11.24,0,3.08,1.13,5.44,3.39,7.08,2.26,1.65,4.88,3.19,7.85,4.62,2.97,1.44,5.59,3.39,7.85,5.85,2.26,2.46,3.39,6.06,3.39,10.78,0,5.75-1.9,10.22-5.7,13.4-3.8,3.19-8.58,4.77-14.32,4.77Z\"><\/path><\/g><\/svg>\t\t\t<\/div>\n\t\t<\/div>\n\t\t\t\t<\/div>\n\t\t\t\t<\/div>\n\t\t\t\t<div class=\"elementor-element elementor-element-9e09469 elementor-widget elementor-widget-tank-text-block\" data-id=\"9e09469\" data-element_type=\"widget\" data-widget_type=\"tank-text-block.default\">\n\t\t\t\t<div class=\"elementor-widget-container\">\n\t\t\t\t\t<div class=\"ft_st_df text-df text-center font-alter-off tank-text-block\">\n\t\t<div class=\"clear anim-fadeinup \">\n\t\t<p>Queremos que las naranjas de Carcaixent sean reconocidas en todo el mundo. Como el turr\u00f3n de Jijona o el pl\u00e1tano de Canarias. Por su calidad. Porque representan la tradici\u00f3n y cultura de nuestro pueblo. Y porque...<\/p>\t\t<\/div>\n\t\t<\/div>\n        \t\t<\/div>\n\t\t\t\t<\/div>\n\t\t\t\t<div class=\"elementor-element elementor-element-59780bc elementor-widget elementor-widget-tank-text-block\" data-id=\"59780bc\" data-element_type=\"widget\" data-widget_type=\"tank-text-block.default\">\n\t\t\t\t<div class=\"elementor-widget-container\">\n\t\t\t\t\t<div class=\"font-bold text-df text-center font-alter tank-text-block\">\n\t\t<div class=\"clear anim-fadeinup \">\n\t\t<p><em>...est\u00e1n buenas que te cagas!<\/em><\/p>\t\t<\/div>\n\t\t<\/div>\n        \t\t<\/div>\n\t\t\t\t<\/div>\n\t\t\t\t\t<\/div>\n\t\t<\/div>\n\t\t\t\t\t<\/div>\n\t\t<\/section>\n\t\t<div class=\"elementor-element elementor-element-3b361039 e-con-full e-flex e-con e-parent\" data-id=\"3b361039\" data-element_type=\"container\">\n\t\t<div class=\"elementor-element elementor-element-2a14158d e-con-full e-flex e-con e-child\" data-id=\"2a14158d\" data-element_type=\"container\">\n\t\t\t\t<div class=\"elementor-element elementor-element-78bf63f5 elementor-widget elementor-widget-heading\" data-id=\"78bf63f5\" data-element_type=\"widget\" data-widget_type=\"heading.default\">\n\t\t\t\t<div class=\"elementor-widget-container\">\n\t\t\t<h2 class=\"elementor-heading-title elementor-size-default\">\u00a1Somos cuna! <\/h2>\t\t<\/div>\n\t\t\t\t<\/div>\n\t\t\t\t<div class=\"elementor-element elementor-element-7385c29c elementor-widget elementor-widget-tank-text-block\" data-id=\"7385c29c\" data-element_type=\"widget\" data-widget_type=\"tank-text-block.default\">\n\t\t\t\t<div class=\"elementor-widget-container\">\n\t\t\t\t\t<div class=\"ft_st_df text-df text-right font-alter-off tank-text-block\">\n\t\t<div class=\"clear anim-fadeinup \">\n\t\t<p>La pasi\u00f3n por la agricultura se combina con la conservaci\u00f3n de nuestra estimada herencia c\u00edtrica. Dedicados a la promoci\u00f3n y preservaci\u00f3n del patrimonio \u00fanico que nos define: <strong>la naranja, s\u00edmbolo de nuestra identidad<\/strong>.<\/p><p>Comprometidos con compartir nuestro conocimiento y cultivar un futuro donde la <strong>cultura, la naturaleza y la agricultura<\/strong> coexisten en armon\u00eda.<\/p>\t\t<\/div>\n\t\t<\/div>\n        \t\t<\/div>\n\t\t\t\t<\/div>\n\t\t\t\t<\/div>\n\t\t<div class=\"elementor-element elementor-element-52aba363 e-con-full e-flex e-con e-child\" data-id=\"52aba363\" data-element_type=\"container\">\n\t\t\t\t<div class=\"elementor-element elementor-element-31bd849d elementor-widget__width-initial elementor-widget elementor-widget-tank-image\" data-id=\"31bd849d\" data-element_type=\"widget\" data-widget_type=\"tank-image.default\">\n\t\t\t\t<div class=\"elementor-widget-container\">\n\t\t\t\t\t<div class=\"tt-image anim-fadeinup tti-fixed-height-off  margin-bottom-df\">\n\t\t<figure class=\"width-100\">\n\t\t\t\t<img decoding=\"async\" class=\"anim-image-parallax tt-lazy\" src=\"https:\/\/bressoldelataronja.carcaixent.es\/wp-content\/themes\/tank\/includes\/img\/low-qlt-thumb.jpg\" data-src=\"https:\/\/bressoldelataronja.carcaixent.es\/wp-content\/uploads\/2023\/11\/bressoltaronja_edicions_01.jpg\" alt=\"\">\n\t\t\t\t\t\t<\/figure>\n\t\t<\/div>\n        \t\t<\/div>\n\t\t\t\t<\/div>\n\t\t\t\t<\/div>\n\t\t\t\t<\/div>\n\t\t<div class=\"elementor-element elementor-element-c895dbb e-flex e-con-boxed e-con e-parent\" data-id=\"c895dbb\" data-element_type=\"container\">\n\t\t\t\t\t<div class=\"e-con-inner\">\n\t\t<div class=\"elementor-element elementor-element-8f777fb e-con-full e-flex e-con e-child\" data-id=\"8f777fb\" data-element_type=\"container\">\n\t\t\t\t<div class=\"elementor-element elementor-element-eae8a9a elementor-widget elementor-widget-heading\" data-id=\"eae8a9a\" data-element_type=\"widget\" data-widget_type=\"heading.default\">\n\t\t\t\t<div class=\"elementor-widget-container\">\n\t\t\t<h2 class=\"elementor-heading-title elementor-size-default\">Compromiso<br>ambiental<\/h2>\t\t<\/div>\n\t\t\t\t<\/div>\n\t\t\t\t<div class=\"elementor-element elementor-element-e518f5e elementor-widget elementor-widget-text-editor\" data-id=\"e518f5e\" data-element_type=\"widget\" data-widget_type=\"text-editor.default\">\n\t\t\t\t<div class=\"elementor-widget-container\">\n\t\t\t\t\t\t\t<p>La pasi\u00f3n por la agricultura se combina con la conservaci\u00f3n de nuestra estimada herencia c\u00edtrica. Dedicados a la promoci\u00f3n y preservaci\u00f3n del patrimonio \u00fanico que nos define: la naranja, s\u00edmbolo de nuestra identidad. <\/p>\n\t\t\t\t\t\t<\/div>\n\t\t\t\t<\/div>\n\t\t\t\t<\/div>\n\t\t<div class=\"elementor-element elementor-element-e5e4400 e-con-full e-flex e-con e-child\" data-id=\"e5e4400\" data-element_type=\"container\">\n\t\t\t\t<div class=\"elementor-element elementor-element-8a761ee elementor-widget elementor-widget-heading\" data-id=\"8a761ee\" data-element_type=\"widget\" data-widget_type=\"heading.default\">\n\t\t\t\t<div class=\"elementor-widget-container\">\n\t\t\t<h2 class=\"elementor-heading-title elementor-size-default\">Innovaci\u00f3n<br> y tradici\u00f3n<\/h2>\t\t<\/div>\n\t\t\t\t<\/div>\n\t\t\t\t<div class=\"elementor-element elementor-element-4f91384 elementor-widget elementor-widget-text-editor\" data-id=\"4f91384\" data-element_type=\"widget\" data-widget_type=\"text-editor.default\">\n\t\t\t\t<div class=\"elementor-widget-container\">\n\t\t\t\t\t\t\t<p>Una tradici\u00f3n que ha pasado de generaci\u00f3n en generaci\u00f3n, pero siempre mirando por la innovaci\u00f3n en las t\u00e9cnicas de cultivo y en el procesamiento de la naranja que nos permite mejorar la calidad y el sabor que nuestro nombre representa.<\/p>\n\t\t\t\t\t\t<\/div>\n\t\t\t\t<\/div>\n\t\t\t\t<\/div>\n\t\t<div class=\"elementor-element elementor-element-ec3aa54 e-con-full e-flex e-con e-child\" data-id=\"ec3aa54\" data-element_type=\"container\">\n\t\t\t\t<div class=\"elementor-element elementor-element-a584382 elementor-widget elementor-widget-heading\" data-id=\"a584382\" data-element_type=\"widget\" data-widget_type=\"heading.default\">\n\t\t\t\t<div class=\"elementor-widget-container\">\n\t\t\t<h2 class=\"elementor-heading-title elementor-size-default\">Comunidad<br>y cultura<\/h2>\t\t<\/div>\n\t\t\t\t<\/div>\n\t\t\t\t<div class=\"elementor-element elementor-element-feab016 elementor-widget elementor-widget-text-editor\" data-id=\"feab016\" data-element_type=\"widget\" data-widget_type=\"text-editor.default\">\n\t\t\t\t<div class=\"elementor-widget-container\">\n\t\t\t\t\t\t\t<p>Compartimos la cultura rica y diversa que la naranja ha creado a nuestro alrededor. Desde acontecimientos comunitarios hasta programas educativos, transmitiendo la pasi\u00f3n por la tierra y lo que esta nos proporciona. <\/p>\n\t\t\t\t\t\t<\/div>\n\t\t\t\t<\/div>\n\t\t\t\t<\/div>\n\t\t\t\t\t<\/div>\n\t\t\t\t<\/div>\n\t\t<div class=\"elementor-element elementor-element-945a5b6 e-con-full e-flex e-con e-parent\" data-id=\"945a5b6\" data-element_type=\"container\">\n\t\t<div class=\"elementor-element elementor-element-409bdbc e-con-full e-flex e-con e-child\" data-id=\"409bdbc\" data-element_type=\"container\">\n\t\t\t\t<div class=\"elementor-element elementor-element-f0cc77e elementor-widget__width-initial elementor-widget elementor-widget-tank-image\" data-id=\"f0cc77e\" data-element_type=\"widget\" data-widget_type=\"tank-image.default\">\n\t\t\t\t<div class=\"elementor-widget-container\">\n\t\t\t\t\t<div class=\"tt-image anim-fadeinup tti-fixed-height-off  margin-bottom-df\">\n\t\t<figure class=\"width-100\">\n\t\t\t\t<img decoding=\"async\" class=\"anim-image-parallax tt-lazy\" src=\"https:\/\/bressoldelataronja.carcaixent.es\/wp-content\/themes\/tank\/includes\/img\/low-qlt-thumb.jpg\" data-src=\"https:\/\/bressoldelataronja.carcaixent.es\/wp-content\/uploads\/2023\/11\/shutterstock_281773640-min-scaled.jpg\" alt=\"\">\n\t\t\t\t\t\t<\/figure>\n\t\t<\/div>\n        \t\t<\/div>\n\t\t\t\t<\/div>\n\t\t\t\t<\/div>\n\t\t<div class=\"elementor-element elementor-element-185fd99 e-con-full e-flex e-con e-child\" data-id=\"185fd99\" data-element_type=\"container\">\n\t\t\t\t<div class=\"elementor-element elementor-element-8d492e5 elementor-widget elementor-widget-tank-text-block\" data-id=\"8d492e5\" data-element_type=\"widget\" data-widget_type=\"tank-text-block.default\">\n\t\t\t\t<div class=\"elementor-widget-container\">\n\t\t\t\t\t<div class=\"ft_st_df text-df text-left font-alter-off tank-text-block\">\n\t\t<div class=\"clear anim-fadeinup \">\n\t\t<p>\u00bfPOR QU\u00c9 NARANJAS DE CARCAIXENT?<\/p>\t\t<\/div>\n\t\t<\/div>\n        \t\t<\/div>\n\t\t\t\t<\/div>\n\t\t\t\t<div class=\"elementor-element elementor-element-10198b2 elementor-widget elementor-widget-tank-text-block\" data-id=\"10198b2\" data-element_type=\"widget\" data-widget_type=\"tank-text-block.default\">\n\t\t\t\t<div class=\"elementor-widget-container\">\n\t\t\t\t\t<div class=\"ft_st_df text-df text-left font-alter-off tank-text-block\">\n\t\t<div class=\"clear anim-fadeinup \">\n\t\t<p>Porque Carcaixent es <span style=\"text-decoration: underline;\">la cuna de la naranja<\/span>. All\u00e1 por <strong>1781<\/strong>, un rector, un boticario y un escribano plantaron en la partida de la Balsa del Rey de Carcaixent el primer campo de naranjos con el objetivo de comerciar con ellos. Muchos vecinos y agricultores de pueblos vecinos los siguieron. El resto, es historia.<\/p>\t\t<\/div>\n\t\t<\/div>\n        \t\t<\/div>\n\t\t\t\t<\/div>\n\t\t\t\t<\/div>\n\t\t\t\t<\/div>\n\t\t<div class=\"elementor-element elementor-element-4ed5a74 e-flex e-con-boxed e-con e-parent\" data-id=\"4ed5a74\" data-element_type=\"container\">\n\t\t\t\t\t<div class=\"e-con-inner\">\n\t\t\t\t<div class=\"elementor-element elementor-element-9a92f60 elementor-widget elementor-widget-tank-scroll-text\" data-id=\"9a92f60\" data-element_type=\"widget\" data-widget_type=\"tank-scroll-text.default\">\n\t\t\t\t<div class=\"elementor-widget-container\">\n\t\t\t\t\t\t\t<div class=\"tt-scrolling-text scr-text-stroke scr-text-reverse-off font-italic\" data-scroll-speed=\"15\">\n\t\t<div class=\"tt-scrolling-text-inner \" data-text=\"tradici\u00f3n - sabor - calidad - sostenibilidad -\">tradici\u00f3n - sabor - calidad - sostenibilidad -<\/div>\n\t\t<\/div>\n\t\t\t\t\n\n        \t\t<\/div>\n\t\t\t\t<\/div>\n\t\t\t\t\t<\/div>\n\t\t\t\t<\/div>\n\t\t<div class=\"elementor-element elementor-element-7dd5d10 e-flex e-con-boxed e-con e-parent\" data-id=\"7dd5d10\" data-element_type=\"container\">\n\t\t\t\t\t<div class=\"e-con-inner\">\n\t\t\t\t<div class=\"elementor-element elementor-element-de8c4f6 elementor-widget elementor-widget-tank-text-block\" data-id=\"de8c4f6\" data-element_type=\"widget\" data-widget_type=\"tank-text-block.default\">\n\t\t\t\t<div class=\"elementor-widget-container\">\n\t\t\t\t\t<div class=\"ft_st_df text-df text-center font-alter-off tank-text-block\">\n\t\t<div class=\"clear anim-fadeinup \">\n\t\t<p>Han pasado <span style=\"text-decoration: underline;\">m\u00e1s de 200 a\u00f1os<\/span> desde los primeros cultivos de naranjas en Carcaixent. Y podemos decir orgullosos que Carcaixent contin\u00faa oliendo y haciendo gusto de naranja.<\/p>\t\t<\/div>\n\t\t<\/div>\n        \t\t<\/div>\n\t\t\t\t<\/div>\n\t\t\t\t\t<\/div>\n\t\t\t\t<\/div>\n\t\t<div class=\"elementor-element elementor-element-d13b61d e-con-full e-flex e-con e-parent\" data-id=\"d13b61d\" data-element_type=\"container\">\n\t\t<div class=\"elementor-element elementor-element-2e21d66 e-con-full e-flex e-con e-child\" data-id=\"2e21d66\" data-element_type=\"container\">\n\t\t\t\t<div class=\"elementor-element elementor-element-e1c5835 elementor-widget elementor-widget-tank-text-block\" data-id=\"e1c5835\" data-element_type=\"widget\" data-widget_type=\"tank-text-block.default\">\n\t\t\t\t<div class=\"elementor-widget-container\">\n\t\t\t\t\t<div class=\"ft_st_df text-df text-right font-alter-off tank-text-block\">\n\t\t<div class=\"clear anim-fadeinup \">\n\t\t<p>Nuestras naranjas son recolectadas en el momento adecuado y punto \u00f3ptimo de maduraci\u00f3n, dependiendo de su variedad. Por eso su sabor.<\/p><p>Carcaixent y sus labradores, han sabido adaptarse a lo largo de los a\u00f1os a grandes retos. Tanto es as\u00ed que hicieron <strong>el azud de Antella<\/strong> y llevaron el agua al t\u00e9rmino, para regar nuevos campos. Siendo los<strong> pioneros con estas infraestructuras y en el cultivo de la naranja<\/strong>.<\/p>\t\t<\/div>\n\t\t<\/div>\n        \t\t<\/div>\n\t\t\t\t<\/div>\n\t\t\t\t<\/div>\n\t\t<div class=\"elementor-element elementor-element-8809964 e-con-full e-flex e-con e-child\" data-id=\"8809964\" data-element_type=\"container\">\n\t\t\t\t<div class=\"elementor-element elementor-element-963f159 elementor-widget__width-initial elementor-widget elementor-widget-tank-image\" data-id=\"963f159\" data-element_type=\"widget\" data-widget_type=\"tank-image.default\">\n\t\t\t\t<div class=\"elementor-widget-container\">\n\t\t\t\t\t<div class=\"tt-image anim-fadeinup tti-fixed-height-off  margin-bottom-df\">\n\t\t<figure class=\"width-100\">\n\t\t\t\t<img decoding=\"async\" class=\"anim-image-parallax tt-lazy\" src=\"https:\/\/bressoldelataronja.carcaixent.es\/wp-content\/themes\/tank\/includes\/img\/low-qlt-thumb.jpg\" data-src=\"https:\/\/bressoldelataronja.carcaixent.es\/wp-content\/uploads\/2024\/10\/bressol_de_la_taronja_carcaixent_valencia_QUE_SOM.jpg\" alt=\"\">\n\t\t\t\t\t\t<\/figure>\n\t\t<\/div>\n        \t\t<\/div>\n\t\t\t\t<\/div>\n\t\t\t\t<\/div>\n\t\t\t\t<\/div>\n\t\t\t\t<\/div>\n\t\t","protected":false},"excerpt":{"rendered":"<p>Queremos que las naranjas de Carcaixent sean reconocidas en todo el mundo. Como el turr\u00f3n de Jijona o el pl\u00e1tano de Canarias. Por su calidad. Porque representan la tradici\u00f3n y cultura de nuestro pueblo. Y porque&#8230; &#8230;est\u00e1n buenas que te cagas! \u00a1Somos cuna! La&#8230;<\/p>\n","protected":false},"author":1,"featured_media":2870,"parent":0,"menu_order":0,"comment_status":"closed","ping_status":"closed","template":"","meta":{"footnotes":""},"class_list":["post-3811","page","type-page","status-publish","has-post-thumbnail","hentry"],"_links":{"self":[{"href":"https:\/\/bressoldelataronja.carcaixent.es\/es\/wp-json\/wp\/v2\/pages\/3811","targetHints":{"allow":["GET"]}}],"collection":[{"href":"https:\/\/bressoldelataronja.carcaixent.es\/es\/wp-json\/wp\/v2\/pages"}],"about":[{"href":"https:\/\/bressoldelataronja.carcaixent.es\/es\/wp-json\/wp\/v2\/types\/page"}],"author":[{"embeddable":true,"href":"https:\/\/bressoldelataronja.carcaixent.es\/es\/wp-json\/wp\/v2\/users\/1"}],"replies":[{"embeddable":true,"href":"https:\/\/bressoldelataronja.carcaixent.es\/es\/wp-json\/wp\/v2\/comments?post=3811"}],"version-history":[{"count":39,"href":"https:\/\/bressoldelataronja.carcaixent.es\/es\/wp-json\/wp\/v2\/pages\/3811\/revisions"}],"predecessor-version":[{"id":5711,"href":"https:\/\/bressoldelataronja.carcaixent.es\/es\/wp-json\/wp\/v2\/pages\/3811\/revisions\/5711"}],"wp:featuredmedia":[{"embeddable":true,"href":"https:\/\/bressoldelataronja.carcaixent.es\/es\/wp-json\/wp\/v2\/media\/2870"}],"wp:attachment":[{"href":"https:\/\/bressoldelataronja.carcaixent.es\/es\/wp-json\/wp\/v2\/media?parent=3811"}],"curies":[{"name":"wp","href":"https:\/\/api.w.org\/{rel}","templated":true}]}}