{"id":3813,"date":"2023-11-13T11:07:09","date_gmt":"2023-11-13T11:07:09","guid":{"rendered":"https:\/\/bressol.jorgeserrano.ninja\/textos-legales\/"},"modified":"2025-03-04T14:49:02","modified_gmt":"2025-03-04T14:49:02","slug":"textos-legales","status":"publish","type":"page","link":"https:\/\/bressoldelataronja.carcaixent.es\/es\/textos-legales\/","title":{"rendered":"TEXTOS LEGALES"},"content":{"rendered":"\t\t<div data-elementor-type=\"wp-page\" data-elementor-id=\"3813\" class=\"elementor elementor-3813 elementor-2731\" data-elementor-post-type=\"page\">\n\t\t\t\t<div class=\"elementor-element elementor-element-64e3cd1 e-flex e-con-boxed e-con e-parent\" data-id=\"64e3cd1\" data-element_type=\"container\">\n\t\t\t\t\t<div class=\"e-con-inner\">\n\t\t\t\t<div class=\"elementor-element elementor-element-9d35e16 elementor-widget elementor-widget-tank-text-block\" data-id=\"9d35e16\" data-element_type=\"widget\" data-widget_type=\"tank-text-block.default\">\n\t\t\t\t<div class=\"elementor-widget-container\">\n\t\t\t\t\t<div class=\"ft_st_df text-df text-left font-alter-off tank-text-block\">\n\t\t<div class=\"clear anim-fadeinup \">\n\t\t<p class=\"p1\"><b>DATOS DE LA EMPRESA <\/b><\/p><p class=\"p1\"><span class=\"s1\">En cumplimiento del art\u00edculo 10 de la Ley 34\/2002, de 11 de julio, de Servicios de la Sociedad de la Informaci\u00f3n y Comercio Electr\u00f3nico, AYUNTAMIENTO CARCAIXENT le informa de que se encuentra inscrita en el Registro Mercantil de Valencia siendo sus datos identificativos los siguientes:<\/span><\/p><p class=\"p1\"><span class=\"s1\"> Denominaci\u00f3n social: AYUNTAMIENTO CARCAIXENT<\/span><\/p><p class=\"p1\"><span class=\"s1\">C.I.F: P4608500G<\/span><\/p><p class=\"p1\"><span class=\"s1\">Domicilio social: Plaza Mayor, 1 \u2013 46470 Carcaixent (Valencia)<\/span><\/p><p class=\"p1\"><span class=\"s1\"> Tel\u00e9fono: 963 313 677 <\/span><\/p><p class=\"p1\">Todas las notificaciones y comunicaciones entre los usuarios y AYUNTAMIENTO CARCAIXENT se considerar\u00e1n eficaces, a todos los efectos, cuando se realicen a trav\u00e9s de correo postal o cualquier otro medio de los detallados anteriormente. AYUNTAMIENTO CARCAIXENT cuenta con la autorizaci\u00f3n administrativa necesaria para realizar las actividades desarrolladas por el mismo. El \u00f3rgano competente encargado de su supervisi\u00f3n es _________________________________ (en caso de que fuera necesaria dicha autorizaci\u00f3n para el ejercicio de la actividad).<\/p><p class=\"p1\"><span class=\"s1\"><b>CONDICIONES DE ACCESO Y UTILIZACI\u00d3N<\/b><\/span><b> <\/b><\/p><p class=\"p1\"><span class=\"s1\">El presente aviso legal regula el uso del sitio web bressoldelataronja.carcaixent.es, (en adelante, WEB) , del que es titular AYUNTAMIENTO CARCAIXENT. <\/span><\/p><p class=\"p1\">La navegaci\u00f3n por la web de AYUNTAMIENTO CARCAIXENT atribuye la condici\u00f3n de usuario del mismo e implica la aceptaci\u00f3n plena y sin reservas de todas y cada una de las disposiciones incluidas en este Aviso Legal, que pueden sufrir modificaciones.<\/p><p class=\"p1\">El sitio web y sus servicios son de acceso libre y gratuito, sin embargo, AYUNTAMIENTO CARCAIXENT condiciona la utilizaci\u00f3n de algunos de los servicios ofrecidos en su web al previo cumplimentaci\u00f3n del correspondiente formulario. Todos los contenidos del sitio web, como textos, fotograf\u00edas, gr\u00e1ficos, im\u00e1genes, iconos, tecnolog\u00eda, software, as\u00ed como su dise\u00f1o y c\u00f3digos fuente, constituyen una obra cuya propiedad pertenece a AYUNTAMIENTO CARCAIXENT, sin que puedan entenderse cedidos al usuario ninguno de los derechos de explotaci\u00f3n sobre los mismos m\u00e1s all\u00e1 de lo estrictamente necesario para el correcto uso de la web.<\/p><p class=\"p1\">El usuario garantiza la autenticidad y actualidad de todos aquellos datos que comunique a AYUNTAMIENTO CARCAIXENT y ser\u00e1 el \u00fanico responsable de las manifestaciones falsas o inexactas que realice.<\/p><p class=\"p1\">El usuario se obliga a hacer un uso correcto del sitio web de conformidad con las leyes, la buena fe, el orden p\u00fablico, los usos del tr\u00e1fico y el presente Aviso Legal. El usuario responder\u00e1 frente a AYUNTAMIENTO CARCAIXENT o frente a terceros, de cualesquiera da\u00f1os y perjuicios que pudieran causarse como consecuencia del incumplimiento de dicha obligaci\u00f3n.<\/p><p class=\"p1\"><span class=\"s1\"><b>POL\u00cdTICA DE ENLACES Y EXENCIONES DE RESPONSABILIDADES <\/b><\/span><\/p><p class=\"p1\">AYUNTAMIENTO CARCAIXENT no se hace responsable del contenido de las p\u00e1ginas web a las que el usuario pueda acceder a trav\u00e9s de los enlaces establecidos en la WEB y declara que en ning\u00fan caso proceder\u00e1 a examinar o ejercitar ning\u00fan tipo de control sobre el contenido de otras p\u00e1ginas de la red. Asimismo, tampoco garantizar\u00e1 la disponibilidad t\u00e9cnica, exactitud, veracidad, validez o legalidad de p\u00e1ginas ajenas a su propiedad a las que se pueda acceder mediante los enlaces.<\/p><p class=\"p1\">AYUNTAMIENTO CARCAIXENT declara haber adoptado todas las medidas necesarias para evitar cualesquiera da\u00f1os que, a los usuarios de la WEB, pudieran derivarse de la navegaci\u00f3n por la misma. En consecuencia, AYUNTAMIENTO CARCAIXENT no se hace responsable, en ning\u00fan caso, de los eventuales da\u00f1os que por la navegaci\u00f3n por Internet pudiera sufrir el usuario.<\/p><p class=\"p1\"><span class=\"s1\"><b>USO DE COOKIES y DATOS ESTAD\u00cdSTICOS <\/b><\/span><\/p><p class=\"p1\">Esta p\u00e1gina web puede recoger datos de sus visitantes por medio del uso de cookies. Consultar la pol\u00edtica de cookies, en su caso. El usuario tiene la posibilidad de configurar su navegador de forma que se le informe de la recepci\u00f3n de cookies, pudiendo, si as\u00ed lo desea, impedir que sean instaladas en su disco duro.<\/p><p class=\"p1\"><span class=\"s1\"><b>PROTECCI\u00d3N DE DATOS <\/b><\/span><\/p><p class=\"p1\"><span class=\"s1\">En caso de que en la web se recojan datos de car\u00e1cter personal, para m\u00e1s informaci\u00f3n consultar la pol\u00edtica de privacidad. <\/span><\/p>\t\t<\/div>\n\t\t<\/div>\n        \t\t<\/div>\n\t\t\t\t<\/div>\n\t\t\t\t\t<\/div>\n\t\t\t\t<\/div>\n\t\t\t\t<\/div>\n\t\t","protected":false},"excerpt":{"rendered":"<p>DATOS DE LA EMPRESA En cumplimiento del art\u00edculo 10 de la Ley 34\/2002, de 11 de julio, de Servicios de la Sociedad de la Informaci\u00f3n y Comercio Electr\u00f3nico, AYUNTAMIENTO CARCAIXENT le informa de que se encuentra inscrita en el Registro Mercantil de Valencia siendo&#8230;<\/p>\n","protected":false},"author":1,"featured_media":0,"parent":0,"menu_order":0,"comment_status":"closed","ping_status":"closed","template":"","meta":{"footnotes":""},"class_list":["post-3813","page","type-page","status-publish","hentry"],"_links":{"self":[{"href":"https:\/\/bressoldelataronja.carcaixent.es\/es\/wp-json\/wp\/v2\/pages\/3813","targetHints":{"allow":["GET"]}}],"collection":[{"href":"https:\/\/bressoldelataronja.carcaixent.es\/es\/wp-json\/wp\/v2\/pages"}],"about":[{"href":"https:\/\/bressoldelataronja.carcaixent.es\/es\/wp-json\/wp\/v2\/types\/page"}],"author":[{"embeddable":true,"href":"https:\/\/bressoldelataronja.carcaixent.es\/es\/wp-json\/wp\/v2\/users\/1"}],"replies":[{"embeddable":true,"href":"https:\/\/bressoldelataronja.carcaixent.es\/es\/wp-json\/wp\/v2\/comments?post=3813"}],"version-history":[{"count":10,"href":"https:\/\/bressoldelataronja.carcaixent.es\/es\/wp-json\/wp\/v2\/pages\/3813\/revisions"}],"predecessor-version":[{"id":5664,"href":"https:\/\/bressoldelataronja.carcaixent.es\/es\/wp-json\/wp\/v2\/pages\/3813\/revisions\/5664"}],"wp:attachment":[{"href":"https:\/\/bressoldelataronja.carcaixent.es\/es\/wp-json\/wp\/v2\/media?parent=3813"}],"curies":[{"name":"wp","href":"https:\/\/api.w.org\/{rel}","templated":true}]}}