{"id":3909,"date":"2023-11-12T14:11:16","date_gmt":"2023-11-12T14:11:16","guid":{"rendered":"https:\/\/bressol.jorgeserrano.ninja\/programacion\/"},"modified":"2025-11-26T10:32:58","modified_gmt":"2025-11-26T10:32:58","slug":"programacion","status":"publish","type":"page","link":"https:\/\/bressoldelataronja.carcaixent.es\/es\/programacion\/","title":{"rendered":"Programaci\u00f3n"},"content":{"rendered":"\t\t<div data-elementor-type=\"wp-page\" data-elementor-id=\"3909\" class=\"elementor elementor-3909 elementor-2457\" data-elementor-post-type=\"page\">\n\t\t\t\t<div class=\"elementor-element elementor-element-824f707 e-con-full e-flex e-con e-parent\" data-id=\"824f707\" data-element_type=\"container\">\n\t\t\t\t<div class=\"elementor-element elementor-element-ce5a91f elementor-widget elementor-widget-image\" data-id=\"ce5a91f\" data-element_type=\"widget\" data-widget_type=\"image.default\">\n\t\t\t\t<div class=\"elementor-widget-container\">\n\t\t\t\t\t\t\t\t\t\t\t\t\t<img fetchpriority=\"high\" decoding=\"async\" width=\"2016\" height=\"669\" src=\"https:\/\/bressoldelataronja.carcaixent.es\/wp-content\/uploads\/2023\/11\/formas.png\" class=\"attachment-full size-full wp-image-2465\" alt=\"\" srcset=\"https:\/\/bressoldelataronja.carcaixent.es\/wp-content\/uploads\/2023\/11\/formas.png 2016w, https:\/\/bressoldelataronja.carcaixent.es\/wp-content\/uploads\/2023\/11\/formas-300x100.png 300w, https:\/\/bressoldelataronja.carcaixent.es\/wp-content\/uploads\/2023\/11\/formas-1024x340.png 1024w, https:\/\/bressoldelataronja.carcaixent.es\/wp-content\/uploads\/2023\/11\/formas-768x255.png 768w, https:\/\/bressoldelataronja.carcaixent.es\/wp-content\/uploads\/2023\/11\/formas-1536x510.png 1536w\" sizes=\"(max-width: 2016px) 100vw, 2016px\" \/>\t\t\t\t\t\t\t\t\t\t\t\t\t<\/div>\n\t\t\t\t<\/div>\n\t\t\t\t<\/div>\n\t\t<div class=\"elementor-element elementor-element-11b1825 e-flex e-con-boxed e-con e-parent\" data-id=\"11b1825\" data-element_type=\"container\">\n\t\t\t\t\t<div class=\"e-con-inner\">\n\t\t\t\t<div class=\"elementor-element elementor-element-ba518ce elementor-tabs-view-horizontal elementor-widget elementor-widget-tabs\" data-id=\"ba518ce\" data-element_type=\"widget\" data-widget_type=\"tabs.default\">\n\t\t\t\t<div class=\"elementor-widget-container\">\n\t\t\t\t\t<div class=\"elementor-tabs\">\n\t\t\t<div class=\"elementor-tabs-wrapper\" role=\"tablist\" >\n\t\t\t\t\t\t\t\t\t<div id=\"elementor-tab-title-1951\" class=\"elementor-tab-title elementor-tab-desktop-title\" aria-selected=\"true\" data-tab=\"1\" role=\"tab\" tabindex=\"0\" aria-controls=\"elementor-tab-content-1951\" aria-expanded=\"false\">25<\/div>\n\t\t\t\t\t\t\t\t\t<div id=\"elementor-tab-title-1952\" class=\"elementor-tab-title elementor-tab-desktop-title\" aria-selected=\"false\" data-tab=\"2\" role=\"tab\" tabindex=\"-1\" aria-controls=\"elementor-tab-content-1952\" aria-expanded=\"false\">26<\/div>\n\t\t\t\t\t\t\t\t\t<div id=\"elementor-tab-title-1953\" class=\"elementor-tab-title elementor-tab-desktop-title\" aria-selected=\"false\" data-tab=\"3\" role=\"tab\" tabindex=\"-1\" aria-controls=\"elementor-tab-content-1953\" aria-expanded=\"false\">27<\/div>\n\t\t\t\t\t\t\t\t\t<div id=\"elementor-tab-title-1954\" class=\"elementor-tab-title elementor-tab-desktop-title\" aria-selected=\"false\" data-tab=\"4\" role=\"tab\" tabindex=\"-1\" aria-controls=\"elementor-tab-content-1954\" aria-expanded=\"false\">28<\/div>\n\t\t\t\t\t\t\t\t\t<div id=\"elementor-tab-title-1955\" class=\"elementor-tab-title elementor-tab-desktop-title\" aria-selected=\"false\" data-tab=\"5\" role=\"tab\" tabindex=\"-1\" aria-controls=\"elementor-tab-content-1955\" aria-expanded=\"false\">29<\/div>\n\t\t\t\t\t\t\t\t\t<div id=\"elementor-tab-title-1956\" class=\"elementor-tab-title elementor-tab-desktop-title\" aria-selected=\"false\" data-tab=\"6\" role=\"tab\" tabindex=\"-1\" aria-controls=\"elementor-tab-content-1956\" aria-expanded=\"false\">30<\/div>\n\t\t\t\t\t\t\t<\/div>\n\t\t\t<div class=\"elementor-tabs-content-wrapper\" role=\"tablist\" aria-orientation=\"vertical\">\n\t\t\t\t\t\t\t\t\t<div class=\"elementor-tab-title elementor-tab-mobile-title\" aria-selected=\"true\" data-tab=\"1\" role=\"tab\" tabindex=\"0\" aria-controls=\"elementor-tab-content-1951\" aria-expanded=\"false\">25<\/div>\n\t\t\t\t\t<div id=\"elementor-tab-content-1951\" class=\"elementor-tab-content elementor-clearfix\" data-tab=\"1\" role=\"tabpanel\" aria-labelledby=\"elementor-tab-title-1951\" tabindex=\"0\" hidden=\"false\"><p class=\"tab-date\">Martes \u00b7 25 de noviembre<\/p>\n<p class=\"tab-title\">Perspectiva actual de la citricultura valenciana<\/p>\n<p style=\"margin-bottom: 5px;\"><b>PONENTE<\/b><\/p>\n<p style=\"margin-bottom: 10px;\">Jos\u00e9 Cogollos <em>(T\u00e9cnico agr\u00edcola)<\/em><\/p>\n<\/p>\n<p style=\"margin-top: 20px; font-size: 14px;\"><span class=\"tab-hour\" style=\"font-size: 17px;\">19h.<\/span> Auditorio de las Dominicas C\/ Rector Monz\u00f3 2, Carcaixent<\/p>\n<p>EXPOSICI\u00d3N &#8216;Maquetas ferroviarias&#8217; (Magatzem de Ribera) \u00b7 Entrada libre hasta el 14\/12<\/p>\n<div class=\"tt-btn tt-btn-df tt-btn-primary df-margin anim-fadeinup-off\"><a data-hover=\"VEURE V\u00cdDEO\">VER V\u00cdDEO<\/a><\/div>\n<\/div>\n\t\t\t\t\t\t\t\t\t<div class=\"elementor-tab-title elementor-tab-mobile-title\" aria-selected=\"false\" data-tab=\"2\" role=\"tab\" tabindex=\"-1\" aria-controls=\"elementor-tab-content-1952\" aria-expanded=\"false\">26<\/div>\n\t\t\t\t\t<div id=\"elementor-tab-content-1952\" class=\"elementor-tab-content elementor-clearfix\" data-tab=\"2\" role=\"tabpanel\" aria-labelledby=\"elementor-tab-title-1952\" tabindex=\"0\" hidden=\"hidden\"><p class=\"tab-date\">Mi\u00e9rcoles \u00b7 26 de noviembre<\/p>\n<p class=\"tab-title\">Relevo generacional (mesa redonda)<\/p>\n<p style=\"margin-bottom: 5px;\"><b>PARTICIPANTES<\/b><\/p>\n<p>Vicent Faro <em>(Presidente CAECV),<\/em> Nando Dur\u00e0 <em>(La UNI\u00d3)<\/em>, Carles Alcover <em>(AVA)<\/em> e Intervinente de Caixa Popular. <strong>Modera:<\/strong> Julia Luz <em>(Periodista en Valencia Fruits y Ribera TV)<\/em><\/p>\n<p style=\"margin-bottom: 5px;\"><b>TEMAS A TRATAR<\/b><\/p>\n<ul>\n<li><b>Agricultura tradicional vs Agricultura ecol\u00f3gica. <\/b>Agriculturas complementarias, ambas sostenibles y de futuro.<\/li>\n<li>El papel de los <b>j\u00f3venes agricultores,<\/b> diferentes visiones.<\/li>\n<li>Futuro de la agricultura, nuevas tendencias y nuevos reclamos.<\/li>\n<li>Las oportunidades de <b>financiaci\u00f3n<\/b> para emprender en el sector.<\/li>\n<\/ul>\n<p style=\"margin-top: 20px; font-size: 14px;\"><span class=\"tab-hour\" style=\"font-size: 17px;\">19h.<\/span> Auditorio de las Dominicas C\/ Rector Monz\u00f3 2, Carcaixent<\/p>\n<p><span class=\"tab-hour\" style=\"font-size: 17px;\">EXPOSICI\u00d3N &#8216;Maquetas ferroviarias&#8217;<\/span> (Magatzem de Ribera) \u00b7 Entrada libre hasta el 14\/12<\/p>\n<div class=\"tt-btn tt-btn-df tt-btn-primary df-margin anim-fadeinup-off\"><a data-hover=\"VEURE V\u00cdDEO\">VER V\u00cdDEO<\/a><\/div>\n<\/div>\n\t\t\t\t\t\t\t\t\t<div class=\"elementor-tab-title elementor-tab-mobile-title\" aria-selected=\"false\" data-tab=\"3\" role=\"tab\" tabindex=\"-1\" aria-controls=\"elementor-tab-content-1953\" aria-expanded=\"false\">27<\/div>\n\t\t\t\t\t<div id=\"elementor-tab-content-1953\" class=\"elementor-tab-content elementor-clearfix\" data-tab=\"3\" role=\"tabpanel\" aria-labelledby=\"elementor-tab-title-1953\" tabindex=\"0\" hidden=\"hidden\"><p class=\"tab-date\">Jueves \u00b7 27 de noviembre<\/p>\n<p class=\"tab-title\">Mitos, realidades y tendencias de comercializaci\u00f3n futuras<\/p>\n<p style=\"margin-bottom: 5px;\"><b>PONENTE<\/b><\/p>\n<p class=\"p1\">Juan Jos\u00e9 Lliso Laguarda<\/p>\n<p>T\u00e9cnico de Investigaci\u00f3n y Desarrollo. Esp. Comercializaci\u00f3n y Marketing Agroalimentario<\/p>\n<p><em>&#8211; STT-Estaci\u00f3n Experimental Agraria de Vila-real (Castell\u00f3) &#8211;<\/em><\/p>\n<\/p>\n<p style=\"margin-top: 20px; font-size: 14px;\"><span class=\"tab-hour\" style=\"font-size: 17px;\">19h.<\/span> Auditorio de las Dominicas C\/ Rector Monz\u00f3 2, Carcaixent<\/p>\n<p><span class=\"tab-hour\" style=\"font-size: 17px;\">EXPOSICI\u00d3N &#8216;Maquetas ferroviarias&#8217;<\/span> (Magatzem de Ribera) \u00b7 Entrada libre hasta el 14\/12<\/p>\n<div class=\"tt-btn tt-btn-df tt-btn-primary df-margin anim-fadeinup-off\"><a data-hover=\"VEURE V\u00cdDEO\">VER V\u00cdDEO<\/a><\/div>\n<\/div>\n\t\t\t\t\t\t\t\t\t<div class=\"elementor-tab-title elementor-tab-mobile-title\" aria-selected=\"false\" data-tab=\"4\" role=\"tab\" tabindex=\"-1\" aria-controls=\"elementor-tab-content-1954\" aria-expanded=\"false\">28<\/div>\n\t\t\t\t\t<div id=\"elementor-tab-content-1954\" class=\"elementor-tab-content elementor-clearfix\" data-tab=\"4\" role=\"tabpanel\" aria-labelledby=\"elementor-tab-title-1954\" tabindex=\"0\" hidden=\"hidden\"><p class=\"tab-date\">Viernes \u00b7 28 de noviembre<\/p>\n<p class=\"tab-title\">III Muestra de la Naranja<\/p>\n<p style=\"margin-bottom: 0;\"><span class=\"tab-hour\">18&#8217;30h.<\/span> Inauguraci\u00f3n institucional de la III Muestra de la Naranja y encendida de luces del \u00e1rbol de Navidad<\/p>\n<p style=\"font-size: 13px; margin: 0px 0px 10px 0px;\">Presentaci\u00f3n por parte <b>Roberto Ripoll,<\/b> que nos realizar\u00e1 un recorrido por el recinto introduci\u00e9ndonos en la historia, la cultura y el origen de nuestra Muestra de la Naranja.<\/p>\n<p><span class=\"tab-hour\">19h. <\/span>Inauguraci\u00f3n y visita guiada de la exposici\u00f3n &#8216;Etiquetas de naranjas de Carcaixent&#8217; de Pascual Albelda<\/p>\n<p><span class=\"tab-hour\">19&#8217;30h. <\/span>Exposici\u00f3n &#8216;Oficios de la tierra&#8217; y pases documentales: \u2018Les que corren\u2019, \u2018De terra endins\u2019, &#8216;Fam de terra y &#8216;Naranjas de Espa\u00f1a&#8217;<\/p>\n<\/p>\n<p style=\"margin-top: 20px; font-size: 14px;\"><span class=\"tab-hour\" style=\"font-size: 17px;\">De 18&#8217;30h-21h.<\/span> Parque Navarro Dar\u00e1s, Carcaixent<\/p>\n<p><span class=\"tab-hour\" style=\"font-size: 17px;\">EXPOSICI\u00d3N &#8216;Maquetas ferroviarias&#8217;<\/span> (Magatzem de Ribera) \u00b7 Entrada libre hasta el 14\/12<\/p>\n<\/div>\n\t\t\t\t\t\t\t\t\t<div class=\"elementor-tab-title elementor-tab-mobile-title\" aria-selected=\"false\" data-tab=\"5\" role=\"tab\" tabindex=\"-1\" aria-controls=\"elementor-tab-content-1955\" aria-expanded=\"false\">29<\/div>\n\t\t\t\t\t<div id=\"elementor-tab-content-1955\" class=\"elementor-tab-content elementor-clearfix\" data-tab=\"5\" role=\"tabpanel\" aria-labelledby=\"elementor-tab-title-1955\" tabindex=\"0\" hidden=\"hidden\"><p class=\"tab-date\">S\u00e1bado \u00b7 29 de noviembre<\/p>\n<p class=\"tab-title\">III Muestra de la Naranja<\/p>\n<p><span class=\"tab-hour\">11h.<\/span> Apertura III Muestra de la Naranja<\/p>\n<p><span class=\"tab-hour\">11h-13h.<\/span> Visita guiada de la exposici\u00f3n &#8216;Maquetas ferroviarias&#8217; (Magatzem de Ribera) \u00b7 pase a las <strong>11h<\/strong> i a las <strong>12h<\/strong><\/p>\n<p><span class=\"tab-hour\">11h-14h.<\/span> Pases documentales: \u2018Les que corren\u2019, \u2018De terra endins\u2019, &#8216;Fam de terra y &#8216;Naranjas de Espa\u00f1a&#8217; (carpa AUDIOVISUAL)<\/p>\n<p><span class=\"tab-hour\">12h. <\/span>Visita guiada de la exposici\u00f3n &#8216;Etiquetas de naranjas de Carcaixent&#8217; de Pascual Albelda<\/p>\n<p><span class=\"tab-hour\">12h-13h. <\/span>Taller para peque\u00f1os: \u2018Naranja creativa con foamy\u2019 (carpa Kaiju Creativo)<\/p>\n<p><span class=\"tab-hour\">17h-18h. <\/span>Taller para peque\u00f1os: \u2018Dibuja tu naranja Pokemon\u2019 (carpa Kaiju Creativo)<\/p>\n<p><span class=\"tab-hour\">17h-19h.<\/span> Degustaci\u00f3n de variedades de miel (carpa Mariano Escudero)<\/p>\n<p><span class=\"tab-hour\">17h-21h.<\/span> Pases documentales: \u2018Les que corren\u2019, \u2018De terra endins\u2019, &#8216;Fam de terra y &#8216;Naranjas de Espa\u00f1a&#8217; (carpa AUDIOVISUAL)<\/p>\n<p><span class=\"tab-hour\">17&#8217;30h. <\/span>Visita guiada de la exposici\u00f3n &#8216;Etiquetas de naranjas de Carcaixent&#8217; de Pascual Albelda<\/p>\n<p><span class=\"tab-hour\">18&#8217;30h.<\/span> Barra con Bressolina (agua de Valencia carcaixentina)<\/p>\n<p><span class=\"tab-hour\">18&#8217;30h-23h.<\/span> Actuaci\u00f3n de la Orquesta Gravity<\/p>\n<p><span class=\"tab-hour\">19h.<\/span> CINE &#8216;La fruita daurada&#8217; con coloquio del director al acabar la proyecci\u00f3n (Jos\u00e9 Antonio Guerrero Navarrete) \u00b7 Todos los p\u00fablicos \u00b7 ENTRADA 3\u20ac &#8211; <em>teatrecarcaixent.instanticket.es<\/em> (Auditorio de las Dominicas)<\/p>\n<\/p>\n<p style=\"margin-top: 20px; font-size: 14px;\"><span class=\"tab-hour\" style=\"font-size: 17px;\">De 11h-14h y de 17h-21h.<\/span> (Orquesta hasta las 23h) Parque Navarro Dar\u00e1s, Carcaixent<\/p>\n<p><span class=\"tab-hour\" style=\"font-size: 17px;\">EXPOSICI\u00d3N &#8216;Maquetas ferroviarias&#8217;<\/span> (Magatzem de Ribera) \u00b7 Entrada libre hasta el 14\/12<\/p>\n<\/div>\n\t\t\t\t\t\t\t\t\t<div class=\"elementor-tab-title elementor-tab-mobile-title\" aria-selected=\"false\" data-tab=\"6\" role=\"tab\" tabindex=\"-1\" aria-controls=\"elementor-tab-content-1956\" aria-expanded=\"false\">30<\/div>\n\t\t\t\t\t<div id=\"elementor-tab-content-1956\" class=\"elementor-tab-content elementor-clearfix\" data-tab=\"6\" role=\"tabpanel\" aria-labelledby=\"elementor-tab-title-1956\" tabindex=\"0\" hidden=\"hidden\"><p class=\"tab-date\">Domingo \u00b7 30 de noviembre<\/p>\n<p class=\"tab-title\">III Muestra de la Naranja<\/p>\n<p><span class=\"tab-hour\">11h.<\/span> Apertura III Muestra de la Naranja<\/p>\n<p><span class=\"tab-hour\">11h-13h. Visita guiada de la exposici\u00f3n &#8216;Maquetas ferroviarias&#8217; (Magatzem de Ribera)<\/span> \u00b7 pase a las <strong>11h<\/strong> y a las <strong>12h<\/strong><\/p>\n<p><span class=\"tab-hour\">11h-13&#8217;30h. <\/span>Castillo hinchable gigante<\/p>\n<p><span class=\"tab-hour\">11h-14h.<\/span> Pases documentales: \u2018Les que corren\u2019, \u2018De terra endins\u2019, &#8216;Fam de terra y &#8216;Naranjas de Espa\u00f1a&#8217; (carpa AUDIOVISUAL)<\/p>\n<p><span class=\"tab-hour\">11h-14h.<\/span> Taller de elaboraci\u00f3n de velas con cera de abeja (carpa Mariano Escudero) \u00b7 Todos los p\u00fablicos<\/p>\n<p><span class=\"tab-hour\">11h-14h. <\/span>Zumo de naranja para los peque\u00f1os (carpa de AVA y Acequia Real del J\u00facar)<\/p>\n<p><span class=\"tab-hour\">11&#8217;30h-13h. Charla y degustaci\u00f3n con<\/span> <strong>\u00c0lex Vidal<\/strong> e <strong>Iv\u00e1n Talens. <\/strong>Modera: Carmen Gonz\u00e1lez <em>(Asesora Gastron\u00f3mica) &#8211; <\/em><strong>ENTRADA CON DEGUSTACI\u00d3N<\/strong> &#8211; 15\u20ac &#8211; <em>Venta en: La Terreta Licoreria (Padre Marchena 1-B) <\/em>a partir del 17\/11 &#8211; <strong>SIN DEGUSTACI\u00d3N<\/strong> &#8211; Entrada libre (Paseo)<\/p>\n<p><span class=\"tab-hour\">12h. <\/span>Visita guiada de la exposici\u00f3n &#8216;Etiquetas de naranjas de Carcaixent&#8217; de Pascual Albelda<\/p>\n<p><span class=\"tab-hour\">12-13h. <\/span>Taller para peque\u00f1os: \u2018La naranja de filigrana\u2019 (carpa Kaiju Creativo)<\/p>\n<p><span class=\"tab-hour\">13h-14h.<\/span> Actuaci\u00f3n \u2018Taronjazz\u2019: \u2018Jove Big Band-Sedajazz\u2019 y \u2018BBLC Big Band Lira Carcaixentina\u2019<\/p>\n<p><span class=\"tab-hour\">14h.<\/span> Clausura III Muestra de la Naranja<\/p>\n<\/p>\n<p style=\"margin-top: 20px; font-size: 14px;\"><span class=\"tab-hour\" style=\"font-size: 17px;\">De 11h-14h.<\/span> Parque Navarro Dar\u00e1s y Paseo, Carcaixent<\/p>\n<p><span class=\"tab-hour\" style=\"font-size: 17px;\">EXPOSICI\u00d3N &#8216;Maquetas ferroviarias&#8217;<\/span> (Magatzem de Ribera) \u00b7 Entrada libre hasta el 14\/12<\/p>\n<\/div>\n\t\t\t\t\t\t\t<\/div>\n\t\t<\/div>\n\t\t\t\t<\/div>\n\t\t\t\t<\/div>\n\t\t\t\t\t<\/div>\n\t\t\t\t<\/div>\n\t\t\t\t<\/div>\n\t\t","protected":false},"excerpt":{"rendered":"<p>25 26 27 28 29 30 25 Martes \u00b7 25 de noviembre Perspectiva actual de la citricultura valenciana PONENTE Jos\u00e9 Cogollos (T\u00e9cnico agr\u00edcola) 19h. Auditorio de las Dominicas C\/ Rector Monz\u00f3 2, Carcaixent EXPOSICI\u00d3N &#8216;Maquetas ferroviarias&#8217; (Magatzem de Ribera) \u00b7 Entrada libre hasta el&#8230;<\/p>\n","protected":false},"author":1,"featured_media":0,"parent":0,"menu_order":0,"comment_status":"closed","ping_status":"closed","template":"","meta":{"footnotes":""},"class_list":["post-3909","page","type-page","status-publish","hentry"],"_links":{"self":[{"href":"https:\/\/bressoldelataronja.carcaixent.es\/es\/wp-json\/wp\/v2\/pages\/3909","targetHints":{"allow":["GET"]}}],"collection":[{"href":"https:\/\/bressoldelataronja.carcaixent.es\/es\/wp-json\/wp\/v2\/pages"}],"about":[{"href":"https:\/\/bressoldelataronja.carcaixent.es\/es\/wp-json\/wp\/v2\/types\/page"}],"author":[{"embeddable":true,"href":"https:\/\/bressoldelataronja.carcaixent.es\/es\/wp-json\/wp\/v2\/users\/1"}],"replies":[{"embeddable":true,"href":"https:\/\/bressoldelataronja.carcaixent.es\/es\/wp-json\/wp\/v2\/comments?post=3909"}],"version-history":[{"count":113,"href":"https:\/\/bressoldelataronja.carcaixent.es\/es\/wp-json\/wp\/v2\/pages\/3909\/revisions"}],"predecessor-version":[{"id":5864,"href":"https:\/\/bressoldelataronja.carcaixent.es\/es\/wp-json\/wp\/v2\/pages\/3909\/revisions\/5864"}],"wp:attachment":[{"href":"https:\/\/bressoldelataronja.carcaixent.es\/es\/wp-json\/wp\/v2\/media?parent=3909"}],"curies":[{"name":"wp","href":"https:\/\/api.w.org\/{rel}","templated":true}]}}