{"id":4359,"date":"2024-10-20T14:33:25","date_gmt":"2024-10-20T14:33:25","guid":{"rendered":"https:\/\/bressol.jorgeserrano.ninja\/?page_id=4359"},"modified":"2025-10-01T11:55:24","modified_gmt":"2025-10-01T11:55:24","slug":"colabora","status":"publish","type":"page","link":"https:\/\/bressoldelataronja.carcaixent.es\/es\/colabora\/","title":{"rendered":"Colabora"},"content":{"rendered":"\t\t<div data-elementor-type=\"wp-page\" data-elementor-id=\"4359\" class=\"elementor elementor-4359 elementor-4358\" data-elementor-post-type=\"page\">\n\t\t\t\t<div class=\"elementor-element elementor-element-cec1c2e e-flex e-con-boxed e-con e-parent\" data-id=\"cec1c2e\" data-element_type=\"container\">\n\t\t\t\t\t<div class=\"e-con-inner\">\n\t\t\t\t<div class=\"elementor-element elementor-element-422ca8b elementor-widget elementor-widget-text-editor\" data-id=\"422ca8b\" data-element_type=\"widget\" data-widget_type=\"text-editor.default\">\n\t\t\t\t<div class=\"elementor-widget-container\">\n\t\t\t\t\t\t\t<p>En el coraz\u00f3n de Carcaixent, donde las ra\u00edces de nuestra cultura citr\u00edcola se extienden tan profundamente como las de nuestros \u00e1rboles, el Bressol de la Taronja no solo cultiva frutas, sino tambi\u00e9n comunidad. Cada gota de zumo refleja la pasi\u00f3n y dedicaci\u00f3n de todos aquellos que contribuyen a nuestro legado agr\u00edcola y cultural. <\/p>\n<p>Ahora es el momento, estamos en la \u00faltima oportunidad de mantener este patrimonio y nuestra forma de vivir, para lo cual, hemos pensado organizarnos y empezar a mover diferentes comisiones de trabajo, que todas juntas pensamos que comprenden las posibilidades de futuro.<\/p>\n<\/p>\n<p>Elige en qu\u00e9 comisiones te gustar\u00eda participar, puede ser m\u00e1s de una y pronto nos pondremos en contacto contigo:<\/p>\n<p><strong>1. Organizaci\u00f3n de la Muestra de la Naranja. <\/strong><\/p>\n<p>Esta comisi\u00f3n es el coraz\u00f3n de nuestros acontecimientos. Aqu\u00ed, planificamos y coordinamos la futura muestra del a\u00f1o pr\u00f3ximo. Si tienes idea de organizaci\u00f3n, propuestas de exposiciones, actas o actuaciones, etc. Esta es tu comisi\u00f3n.   <\/p>\n<p><strong>2. Divulgaci\u00f3n, sensibilizaci\u00f3n y formaci\u00f3n. <\/strong><\/p>\n<p>Las personas de esta comisi\u00f3n son nuestras educadoras y comunicadoras. Encargadas de compartir nuestra cultura, nuestro producto y ampliarnos conocimientos a trav\u00e9s de talleres, charlas y materiales did\u00e1cticos. Si tienes una pasi\u00f3n para ense\u00f1ar y conectar con la gente, esta comisi\u00f3n puede ser tu lugar.  <\/p>\n<p><strong>3. SIPAM (Sistemas Importantes de Patrimonio Agr\u00edcola Mundial).<\/strong><\/p>\n<p>Esta comisi\u00f3n se centra en la preparaci\u00f3n de la documentaci\u00f3n del SIPAM, para poner en valor nuestro patrimonio y paisaje, porque sea reconocido en el \u00e1mbito mundial como se merece. La conservaci\u00f3n y promoci\u00f3n de nuestro patrimonio agr\u00edcola, trabajando por reconocer y proteger los sistemas de cultivo \u00fanicos de nuestra regi\u00f3n, nuestro regad\u00edo hist\u00f3rico, etc. Si quieres proteger y valorar nuestro patrimonio esta comisi\u00f3n espera tus ideas.  <\/p>\n<p><strong>4. Reglamento de la marca de calidad Bressol de la Taronja.<\/strong><\/p>\n<p>Para hacer valer nuestros c\u00edtricos y diferenciarlos del resto, estamos trabajando una marca de calidad, donde se defienden los est\u00e1ndares de calidad de nuestros productos y la vinculaci\u00f3n al patrimonio hist\u00f3rico que nos hace \u00fanicos. Esta comisi\u00f3n trabaja para asegurar que todo lo que llevamos al mercado representa el mejor de Carcaixent. Hay que preparar un reglamento de uso y de pertinencia a la marca. Si tienes claro qu\u00e9 factores nos diferencian y nos hacen \u00fanicos, tu aportaci\u00f3n ser\u00e1 crucial aqu\u00ed.   <\/p>\n<p><strong>5. Asociaci\u00f3n Bressol de la Taronja. Organizaci\u00f3n, estatutos, etc.<\/strong><\/p>\n<p>Nos hace falta una organizaci\u00f3n donde quepamos todos\/as y que represente el hecho de sentir del movimiento de la cuna. Hay que redactar los estatutos que as\u00ed lo hagan. Si crees que el tema asociativo es tu fuerte, esta puede ser tu comisi\u00f3n.   <\/p>\n<p><strong>6. Patrimonio y cultura de la cuna.<\/strong><\/p>\n<p>Los miembros de esta comisi\u00f3n son los guardianes de nuestra historia y tradiciones. Si te motiva la preservaci\u00f3n de la cultura y la herencia hist\u00f3rica, en esta comisi\u00f3n podr\u00e1s ayudar a mantener vivo el legado del Bressol de la Taronja. <\/p>\n\t\t\t\t\t\t<\/div>\n\t\t\t\t<\/div>\n\t\t\t\t\t<\/div>\n\t\t\t\t<\/div>\n\t\t\t\t<section class=\"elementor-section elementor-top-section elementor-element elementor-element-bc5b36d elementor-section-boxed elementor-section-height-default elementor-section-height-default\" data-id=\"bc5b36d\" data-element_type=\"section\">\n\t\t\t\t\t\t<div class=\"elementor-container elementor-column-gap-default\">\n\t\t\t\t\t<div class=\"elementor-column elementor-col-25 elementor-top-column elementor-element elementor-element-53335db\" data-id=\"53335db\" data-element_type=\"column\">\n\t\t\t<div class=\"elementor-widget-wrap elementor-element-populated\">\n\t\t\t\t\t\t<div class=\"elementor-element elementor-element-476dcef elementor-widget elementor-widget-sec-title\" data-id=\"476dcef\" data-element_type=\"widget\" data-widget_type=\"sec-title.default\">\n\t\t\t\t<div class=\"elementor-widget-container\">\n\t\t\t\t\t<div class=\"tt-heading tt-heading-left margin-bottom-10-p tt-heading-lg tt-heading-stroke-none  anim-fadeinup\">\n\t\t\t\t\t\t\t<h3 class=\"tt-heading-subtitle text-gray\">Escr\u00edbenos<\/h3>\n\t\t\t\t\t\t\t\t\t\t<h2 class=\"tt-heading-title\">\u00a1\u00danete a<br>\nnosotros!\n<\/h2>\n\t\t\t\t\t\t\t\t<\/div>\n        \t\t<\/div>\n\t\t\t\t<\/div>\n\t\t\t\t<div class=\"elementor-element elementor-element-3f980dd elementor-icon-list--layout-traditional elementor-list-item-link-full_width elementor-widget elementor-widget-icon-list\" data-id=\"3f980dd\" data-element_type=\"widget\" data-widget_type=\"icon-list.default\">\n\t\t\t\t<div class=\"elementor-widget-container\">\n\t\t\t\t\t<ul class=\"elementor-icon-list-items\">\n\t\t\t\t\t\t\t<li class=\"elementor-icon-list-item\">\n\t\t\t\t\t\t\t\t\t\t\t<span class=\"elementor-icon-list-icon\">\n\t\t\t\t\t\t\t<svg aria-hidden=\"true\" class=\"e-font-icon-svg e-fas-map-marker-alt\" viewBox=\"0 0 384 512\" xmlns=\"http:\/\/www.w3.org\/2000\/svg\"><path d=\"M172.268 501.67C26.97 291.031 0 269.413 0 192 0 85.961 85.961 0 192 0s192 85.961 192 192c0 77.413-26.97 99.031-172.268 309.67-9.535 13.774-29.93 13.773-39.464 0zM192 272c44.183 0 80-35.817 80-80s-35.817-80-80-80-80 35.817-80 80 35.817 80 80 80z\"><\/path><\/svg>\t\t\t\t\t\t<\/span>\n\t\t\t\t\t\t\t\t\t\t<span class=\"elementor-icon-list-text\">46740 Carcaixent (Val\u00e8ncia)<\/span>\n\t\t\t\t\t\t\t\t\t<\/li>\n\t\t\t\t\t\t\t\t<li class=\"elementor-icon-list-item\">\n\t\t\t\t\t\t\t\t\t\t\t<a href=\"mailto:info@bressoldelataronja.carcaixent.es\">\n\n\t\t\t\t\t\t\t\t\t\t\t\t<span class=\"elementor-icon-list-icon\">\n\t\t\t\t\t\t\t<svg aria-hidden=\"true\" class=\"e-font-icon-svg e-fas-envelope\" viewBox=\"0 0 512 512\" xmlns=\"http:\/\/www.w3.org\/2000\/svg\"><path d=\"M502.3 190.8c3.9-3.1 9.7-.2 9.7 4.7V400c0 26.5-21.5 48-48 48H48c-26.5 0-48-21.5-48-48V195.6c0-5 5.7-7.8 9.7-4.7 22.4 17.4 52.1 39.5 154.1 113.6 21.1 15.4 56.7 47.8 92.2 47.6 35.7.3 72-32.8 92.3-47.6 102-74.1 131.6-96.3 154-113.7zM256 320c23.2.4 56.6-29.2 73.4-41.4 132.7-96.3 142.8-104.7 173.4-128.7 5.8-4.5 9.2-11.5 9.2-18.9v-19c0-26.5-21.5-48-48-48H48C21.5 64 0 85.5 0 112v19c0 7.4 3.4 14.3 9.2 18.9 30.6 23.9 40.7 32.4 173.4 128.7 16.8 12.2 50.2 41.8 73.4 41.4z\"><\/path><\/svg>\t\t\t\t\t\t<\/span>\n\t\t\t\t\t\t\t\t\t\t<span class=\"elementor-icon-list-text\">info@bressoldelataronja.carcaixent.es<\/span>\n\t\t\t\t\t\t\t\t\t\t\t<\/a>\n\t\t\t\t\t\t\t\t\t<\/li>\n\t\t\t\t\t\t<\/ul>\n\t\t\t\t<\/div>\n\t\t\t\t<\/div>\n\t\t\t\t<div class=\"elementor-element elementor-element-093254c elementor-widget__width-initial elementor-widget elementor-widget-tank-social-icons\" data-id=\"093254c\" data-element_type=\"widget\" data-widget_type=\"tank-social-icons.default\">\n\t\t\t\t<div class=\"elementor-widget-container\">\n\t\t\t\n\t\t<!-- accordion-->                            \n        \n\t\t<ul class=\"tt-contact-info no-padding-bottom\">\n\t\t<li class=\"anim-fadeinup\">\n\t\t\t\t<h6 class=\"no-margin-bottom margin-top-40 social-sec-title\">S\u00edguenos<\/h6>\n\t\t\t\t<div class=\"social-buttons\">\n\t\t<ul>\n\t\t\t            <li><a href=\"https:\/\/www.facebook.com\/bressoltaronja\" class=\"magnetic-item\" target=\"_blank\" rel=\"noopener\">\n\t\t\t\t\t\t<span class=\"social-txt\">Fb.<\/span>\n\t\t\t\t\t\t<\/a><\/li>\n\t\t\t            <li><a href=\"https:\/\/www.instagram.com\/bressoltaronja\" class=\"magnetic-item\" target=\"_blank\" rel=\"noopener\">\n\t\t\t\t\t\t<span class=\"social-txt\">Ig.<\/span>\n\t\t\t\t\t\t<\/a><\/li>\n\t\t\t            <li><a href=\"https:\/\/www.youtube.com\/channel\/UCI_Ch_q1GL-VdKdPZN6JQTw\" class=\"magnetic-item\" target=\"_blank\" rel=\"noopener\">\n\t\t\t\t\t\t<span class=\"social-txt\">Yt.<\/span>\n\t\t\t\t\t\t<\/a><\/li>\n\t\t\t            <li><a href=\"https:\/\/vimeo.com\/bressoltaronja\" class=\"magnetic-item\" target=\"_blank\" rel=\"noopener\">\n\t\t\t\t\t\t<span class=\"social-txt\">Vi.<\/span>\n\t\t\t\t\t\t<\/a><\/li>\n\t\t\t\t\t<\/ul>\n\t\t<\/div>\n        <\/li>\n        <\/ul>\n        \n        <!-- accordion end --> \t\t\t\t\t\t\t\n\t\t\n\n        \t\t<\/div>\n\t\t\t\t<\/div>\n\t\t\t\t\t<\/div>\n\t\t<\/div>\n\t\t\t\t<div class=\"elementor-column elementor-col-25 elementor-top-column elementor-element elementor-element-186639e\" data-id=\"186639e\" data-element_type=\"column\">\n\t\t\t<div class=\"elementor-widget-wrap\">\n\t\t\t\t\t\t\t<\/div>\n\t\t<\/div>\n\t\t\t\t<div class=\"elementor-column elementor-col-50 elementor-top-column elementor-element elementor-element-177edcb\" data-id=\"177edcb\" data-element_type=\"column\">\n\t\t\t<div class=\"elementor-widget-wrap elementor-element-populated\">\n\t\t\t\t\t\t<div class=\"elementor-element elementor-element-4812f79 elementor-widget elementor-widget-tank-form\" data-id=\"4812f79\" data-element_type=\"widget\" data-widget_type=\"tank-form.default\">\n\t\t\t\t<div class=\"elementor-widget-container\">\n\t\t\t\n\t\t<!-- =========== Start of Title============ -->\n\t\t<div  class=\"vc_template\">\n           \n<div class=\"wpcf7 no-js\" id=\"wpcf7-f5515-o1\" lang=\"es-ES\" dir=\"ltr\" data-wpcf7-id=\"5515\">\n<div class=\"screen-reader-response\"><p role=\"status\" aria-live=\"polite\" aria-atomic=\"true\"><\/p> <ul><\/ul><\/div>\n<form action=\"\/es\/wp-json\/wp\/v2\/pages\/4359#wpcf7-f5515-o1\" method=\"post\" class=\"wpcf7-form init\" aria-label=\"Contact form\" novalidate=\"novalidate\" data-status=\"init\">\n<div style=\"display: none;\">\n<input type=\"hidden\" name=\"_wpcf7\" value=\"5515\" \/>\n<input type=\"hidden\" name=\"_wpcf7_version\" value=\"6.0\" \/>\n<input type=\"hidden\" name=\"_wpcf7_locale\" value=\"es_ES\" \/>\n<input type=\"hidden\" name=\"_wpcf7_unit_tag\" value=\"wpcf7-f5515-o1\" \/>\n<input type=\"hidden\" name=\"_wpcf7_container_post\" value=\"0\" \/>\n<input type=\"hidden\" name=\"_wpcf7_posted_data_hash\" value=\"\" \/>\n<\/div>\n<div class=\"tt-row\">\n\t<div class=\"tt-col-md-6\">\n\t\t<p><label> Nombre*<br \/>\n<span class=\"wpcf7-form-control-wrap\" data-name=\"your-name\"><input size=\"40\" maxlength=\"400\" class=\"wpcf7-form-control wpcf7-text wpcf7-validates-as-required\" autocomplete=\"name\" aria-required=\"true\" aria-invalid=\"false\" value=\"\" type=\"text\" name=\"your-name\" \/><\/span> <\/label>\n\t\t<\/p>\n\t<\/div>\n\t<div class=\"tt-col-md-6\">\n\t\t<p><label> Correo electr\u00f3nico *<br \/>\n<span class=\"wpcf7-form-control-wrap\" data-name=\"your-email\"><input size=\"40\" maxlength=\"400\" class=\"wpcf7-form-control wpcf7-email wpcf7-validates-as-required wpcf7-text wpcf7-validates-as-email\" autocomplete=\"email\" aria-required=\"true\" aria-invalid=\"false\" value=\"\" type=\"email\" name=\"your-email\" \/><\/span> <\/label>\n\t\t<\/p>\n\t<\/div>\n<\/div>\n<div class=\"tt-row\">\n\t<div class=\"tt-col-md-12\">\n\t\t<p><label> D\u00f3nde te gustar\u00eda participar *<br \/>\n<span class=\"wpcf7-form-control-wrap\" data-name=\"your-subject\"><input size=\"40\" maxlength=\"400\" class=\"wpcf7-form-control wpcf7-text wpcf7-validates-as-required\" aria-required=\"true\" aria-invalid=\"false\" value=\"\" type=\"text\" name=\"your-subject\" \/><\/span> <\/label>\n\t\t<\/p>\n\t<\/div>\n<\/div>\n<div class=\"tt-row\">\n\t<div class=\"tt-col-md-12\">\n\t\t<p><label> Mensaje *<br \/>\n<span class=\"wpcf7-form-control-wrap\" data-name=\"your-message\"><textarea cols=\"40\" rows=\"10\" maxlength=\"2000\" class=\"wpcf7-form-control wpcf7-textarea wpcf7-validates-as-required\" aria-required=\"true\" aria-invalid=\"false\" placeholder=\"Escribe tu texto\" name=\"your-message\"><\/textarea><\/span> <\/label>\n\t\t<\/p>\n\t<\/div>\n<\/div>\n<div class=\"tt-row\">\n\t<div class=\"tt-col-md-12\">\n\t\t<p><div class=\"tt-contact-btn-wrap\"><div class=\"tt-btn tt-btn-light-outline cnt-anim has-spinner wpcf7-form-control wpcf7-submit\"><button data-hover=\"Enviar\">Enviar<\/button><\/div><\/div>\n\t\t<\/p>\n\t<\/div>\n<\/div><div class=\"wpcf7-response-output\" aria-hidden=\"true\"><\/div>\n<\/form>\n<\/div>\n\t\t<\/div>\t\t\t\t\t\t\t\t\t\t\n\t\t\n\t    \n\t        <!-- =========== End of Title ============ -->\n\n        \t\t<\/div>\n\t\t\t\t<\/div>\n\t\t\t\t\t<\/div>\n\t\t<\/div>\n\t\t\t\t\t<\/div>\n\t\t<\/section>\n\t\t\t\t<\/div>\n\t\t","protected":false},"excerpt":{"rendered":"<p>En el coraz\u00f3n de Carcaixent, donde las ra\u00edces de nuestra cultura citr\u00edcola se extienden tan profundamente como las de nuestros \u00e1rboles, el Bressol de la Taronja no solo cultiva frutas, sino tambi\u00e9n comunidad. Cada gota de zumo refleja la pasi\u00f3n y dedicaci\u00f3n de todos&#8230;<\/p>\n","protected":false},"author":1,"featured_media":5017,"parent":0,"menu_order":0,"comment_status":"closed","ping_status":"closed","template":"","meta":{"footnotes":""},"class_list":["post-4359","page","type-page","status-publish","has-post-thumbnail","hentry"],"_links":{"self":[{"href":"https:\/\/bressoldelataronja.carcaixent.es\/es\/wp-json\/wp\/v2\/pages\/4359","targetHints":{"allow":["GET"]}}],"collection":[{"href":"https:\/\/bressoldelataronja.carcaixent.es\/es\/wp-json\/wp\/v2\/pages"}],"about":[{"href":"https:\/\/bressoldelataronja.carcaixent.es\/es\/wp-json\/wp\/v2\/types\/page"}],"author":[{"embeddable":true,"href":"https:\/\/bressoldelataronja.carcaixent.es\/es\/wp-json\/wp\/v2\/users\/1"}],"replies":[{"embeddable":true,"href":"https:\/\/bressoldelataronja.carcaixent.es\/es\/wp-json\/wp\/v2\/comments?post=4359"}],"version-history":[{"count":25,"href":"https:\/\/bressoldelataronja.carcaixent.es\/es\/wp-json\/wp\/v2\/pages\/4359\/revisions"}],"predecessor-version":[{"id":5720,"href":"https:\/\/bressoldelataronja.carcaixent.es\/es\/wp-json\/wp\/v2\/pages\/4359\/revisions\/5720"}],"wp:featuredmedia":[{"embeddable":true,"href":"https:\/\/bressoldelataronja.carcaixent.es\/es\/wp-json\/wp\/v2\/media\/5017"}],"wp:attachment":[{"href":"https:\/\/bressoldelataronja.carcaixent.es\/es\/wp-json\/wp\/v2\/media?parent=4359"}],"curies":[{"name":"wp","href":"https:\/\/api.w.org\/{rel}","templated":true}]}}